{"id":35326,"date":"2025-07-09T19:26:12","date_gmt":"2025-07-09T11:26:12","guid":{"rendered":"http:\/\/45.63.70.205\/?post_type=product&#038;p=35326"},"modified":"2025-07-09T19:27:50","modified_gmt":"2025-07-09T11:27:50","slug":"set-of-8-colorful-day-themed-pencils-with-erasers-for-school-office","status":"publish","type":"product","link":"http:\/\/shinyyoustationery.com\/pt\/set-of-8-colorful-day-themed-pencils-with-erasers-for-school-office\/","title":{"rendered":"Conjunto de 8 l\u00e1pis coloridos com tema do dia e borracha para a escola e o escrit\u00f3rio"},"content":{"rendered":"","protected":false},"excerpt":{"rendered":"<p>Este conjunto vibrante de 8 l\u00e1pis foi concebido com um toque divertido e tem\u00e1tico, com cores e etiquetas para cada dia da semana (de segunda a domingo) e um l\u00e1pis \"Me-Day\". O conjunto inclui l\u00e1pis vermelhos, cor-de-rosa, amarelos, verdes, azuis e brancos, cada um com uma borracha no topo para facilitar as correc\u00e7\u00f5es. Fabricados com chumbo HB de alta qualidade, estes l\u00e1pis proporcionam uma experi\u00eancia de escrita suave, tornando-os perfeitos para utiliza\u00e7\u00e3o na escola e no escrit\u00f3rio.<\/p>","protected":false},"featured_media":35327,"template":"","meta":[],"product_brand":[],"product_cat":[416,410,415,331],"product_tag":[],"class_list":{"0":"post-35326","1":"product","2":"type-product","3":"status-publish","4":"has-post-thumbnail","6":"product_cat-pencil","7":"product_cat-writing-instruments","8":"product_cat-pen","9":"product_cat-stationery-set","11":"first","12":"instock","13":"shipping-taxable","14":"product-type-simple"},"_links":{"self":[{"href":"http:\/\/shinyyoustationery.com\/pt\/wp-json\/wp\/v2\/product\/35326","targetHints":{"allow":["GET"]}}],"collection":[{"href":"http:\/\/shinyyoustationery.com\/pt\/wp-json\/wp\/v2\/product"}],"about":[{"href":"http:\/\/shinyyoustationery.com\/pt\/wp-json\/wp\/v2\/types\/product"}],"version-history":[{"count":0,"href":"http:\/\/shinyyoustationery.com\/pt\/wp-json\/wp\/v2\/product\/35326\/revisions"}],"wp:featuredmedia":[{"embeddable":true,"href":"http:\/\/shinyyoustationery.com\/pt\/wp-json\/wp\/v2\/media\/35327"}],"wp:attachment":[{"href":"http:\/\/shinyyoustationery.com\/pt\/wp-json\/wp\/v2\/media?parent=35326"}],"wp:term":[{"taxonomy":"product_brand","embeddable":true,"href":"http:\/\/shinyyoustationery.com\/pt\/wp-json\/wp\/v2\/product_brand?post=35326"},{"taxonomy":"product_cat","embeddable":true,"href":"http:\/\/shinyyoustationery.com\/pt\/wp-json\/wp\/v2\/product_cat?post=35326"},{"taxonomy":"product_tag","embeddable":true,"href":"http:\/\/shinyyoustationery.com\/pt\/wp-json\/wp\/v2\/product_tag?post=35326"}],"curies":[{"name":"wp","href":"https:\/\/api.w.org\/{rel}","templated":true}]}}