{"id":35331,"date":"2025-07-09T19:30:35","date_gmt":"2025-07-09T11:30:35","guid":{"rendered":"http:\/\/45.63.70.205\/?post_type=product&#038;p=35331"},"modified":"2025-07-09T19:50:16","modified_gmt":"2025-07-09T11:50:16","slug":"set-of-8-rainbow-holographic-pencils-with-erasers-vibrant-and-fun-for-school-office","status":"publish","type":"product","link":"http:\/\/shinyyoustationery.com\/pt\/set-of-8-rainbow-holographic-pencils-with-erasers-vibrant-and-fun-for-school-office\/","title":{"rendered":"Conjunto de 8 l\u00e1pis hologr\u00e1ficos arco-\u00edris com borracha - Vibrantes e divertidos para a escola e o escrit\u00f3rio"},"content":{"rendered":"","protected":false},"excerpt":{"rendered":"<p>D\u00ea um toque de cor aos seus artigos de papelaria com este conjunto de 8 l\u00e1pis hologr\u00e1ficos arco-\u00edris. Cada l\u00e1pis apresenta um acabamento hologr\u00e1fico espantoso e refletor que se altera com a luz, tornando-os t\u00e3o divertidos de ver como de utilizar. Equipados com uma pr\u00e1tica borracha na parte superior, estes l\u00e1pis s\u00e3o perfeitos para correc\u00e7\u00f5es r\u00e1pidas, escrita e desenho. Quer os utilize na escola, no trabalho ou em projectos criativos, estes l\u00e1pis vibrantes trazem entusiasmo \u00e0 sua secret\u00e1ria ou estojo.<\/p>","protected":false},"featured_media":35336,"template":"","meta":[],"product_brand":[],"product_cat":[416,331,410,415],"product_tag":[],"class_list":{"0":"post-35331","1":"product","2":"type-product","3":"status-publish","4":"has-post-thumbnail","6":"product_cat-pencil","7":"product_cat-stationery-set","8":"product_cat-writing-instruments","9":"product_cat-pen","11":"first","12":"instock","13":"shipping-taxable","14":"product-type-simple"},"_links":{"self":[{"href":"http:\/\/shinyyoustationery.com\/pt\/wp-json\/wp\/v2\/product\/35331","targetHints":{"allow":["GET"]}}],"collection":[{"href":"http:\/\/shinyyoustationery.com\/pt\/wp-json\/wp\/v2\/product"}],"about":[{"href":"http:\/\/shinyyoustationery.com\/pt\/wp-json\/wp\/v2\/types\/product"}],"version-history":[{"count":0,"href":"http:\/\/shinyyoustationery.com\/pt\/wp-json\/wp\/v2\/product\/35331\/revisions"}],"wp:featuredmedia":[{"embeddable":true,"href":"http:\/\/shinyyoustationery.com\/pt\/wp-json\/wp\/v2\/media\/35336"}],"wp:attachment":[{"href":"http:\/\/shinyyoustationery.com\/pt\/wp-json\/wp\/v2\/media?parent=35331"}],"wp:term":[{"taxonomy":"product_brand","embeddable":true,"href":"http:\/\/shinyyoustationery.com\/pt\/wp-json\/wp\/v2\/product_brand?post=35331"},{"taxonomy":"product_cat","embeddable":true,"href":"http:\/\/shinyyoustationery.com\/pt\/wp-json\/wp\/v2\/product_cat?post=35331"},{"taxonomy":"product_tag","embeddable":true,"href":"http:\/\/shinyyoustationery.com\/pt\/wp-json\/wp\/v2\/product_tag?post=35331"}],"curies":[{"name":"wp","href":"https:\/\/api.w.org\/{rel}","templated":true}]}}