{"id":35339,"date":"2025-07-09T19:53:02","date_gmt":"2025-07-09T11:53:02","guid":{"rendered":"http:\/\/45.63.70.205\/?post_type=product&#038;p=35339"},"modified":"2025-07-09T19:55:37","modified_gmt":"2025-07-09T11:55:37","slug":"set-of-6-chunky-colouring-pencils-bright-colors-for-kids-and-creative-projects","status":"publish","type":"product","link":"http:\/\/shinyyoustationery.com\/pt\/set-of-6-chunky-colouring-pencils-bright-colors-for-kids-and-creative-projects\/","title":{"rendered":"Conjunto de 6 l\u00e1pis de cor volumosos - Cores vivas para crian\u00e7as e projectos criativos"},"content":{"rendered":"","protected":false},"excerpt":{"rendered":"<p>Este conjunto de 6 l\u00e1pis de cor volumosos \u00e9 perfeito para crian\u00e7as, artistas ou qualquer pessoa que pretenda adicionar cores vibrantes \u00e0s suas cria\u00e7\u00f5es. Com cores vivas e arrojadas, incluindo vermelho, laranja, amarelo, verde, azul e preto, estes l\u00e1pis s\u00e3o ideais para desenhar, colorir e esbo\u00e7ar. O design volumoso \u00e9 f\u00e1cil de agarrar pelas m\u00e3os pequenas, o que os torna \u00f3ptimos para crian\u00e7as ou principiantes. Quer esteja a criar obras de arte, a colorir um livro ou a trabalhar num projeto criativo, estes l\u00e1pis duradouros proporcionam cores suaves e ricas que d\u00e3o vida a qualquer desenho. \u00d3timo para salas de aula, projectos em casa ou como um presente divertido para jovens artistas!<\/p>","protected":false},"featured_media":35340,"template":"","meta":[],"product_brand":[],"product_cat":[416,415,331,410],"product_tag":[],"class_list":{"0":"post-35339","1":"product","2":"type-product","3":"status-publish","4":"has-post-thumbnail","6":"product_cat-pencil","7":"product_cat-pen","8":"product_cat-stationery-set","9":"product_cat-writing-instruments","11":"first","12":"instock","13":"shipping-taxable","14":"product-type-simple"},"_links":{"self":[{"href":"http:\/\/shinyyoustationery.com\/pt\/wp-json\/wp\/v2\/product\/35339","targetHints":{"allow":["GET"]}}],"collection":[{"href":"http:\/\/shinyyoustationery.com\/pt\/wp-json\/wp\/v2\/product"}],"about":[{"href":"http:\/\/shinyyoustationery.com\/pt\/wp-json\/wp\/v2\/types\/product"}],"version-history":[{"count":0,"href":"http:\/\/shinyyoustationery.com\/pt\/wp-json\/wp\/v2\/product\/35339\/revisions"}],"wp:featuredmedia":[{"embeddable":true,"href":"http:\/\/shinyyoustationery.com\/pt\/wp-json\/wp\/v2\/media\/35340"}],"wp:attachment":[{"href":"http:\/\/shinyyoustationery.com\/pt\/wp-json\/wp\/v2\/media?parent=35339"}],"wp:term":[{"taxonomy":"product_brand","embeddable":true,"href":"http:\/\/shinyyoustationery.com\/pt\/wp-json\/wp\/v2\/product_brand?post=35339"},{"taxonomy":"product_cat","embeddable":true,"href":"http:\/\/shinyyoustationery.com\/pt\/wp-json\/wp\/v2\/product_cat?post=35339"},{"taxonomy":"product_tag","embeddable":true,"href":"http:\/\/shinyyoustationery.com\/pt\/wp-json\/wp\/v2\/product_tag?post=35339"}],"curies":[{"name":"wp","href":"https:\/\/api.w.org\/{rel}","templated":true}]}}