{"id":35342,"date":"2025-07-09T19:56:00","date_gmt":"2025-07-09T11:56:00","guid":{"rendered":"http:\/\/45.63.70.205\/?post_type=product&#038;p=35342"},"modified":"2025-07-09T20:00:25","modified_gmt":"2025-07-09T12:00:25","slug":"set-of-10-pastel-colouring-pencils-soft-and-vibrant-for-creative-projects-and-artwork","status":"publish","type":"product","link":"http:\/\/shinyyoustationery.com\/pt\/set-of-10-pastel-colouring-pencils-soft-and-vibrant-for-creative-projects-and-artwork\/","title":{"rendered":"Conjunto de 10 l\u00e1pis de cor pastel - Suaves e vibrantes para projectos criativos e trabalhos art\u00edsticos"},"content":{"rendered":"","protected":false},"excerpt":{"rendered":"<p>Este conjunto de 10 l\u00e1pis de cor pastel oferece uma gama de cores suaves e vibrantes, perfeitas para todas as suas necessidades art\u00edsticas. Com tons de rosa, lavanda, amarelo, verde, azul e laranja, estes l\u00e1pis s\u00e3o ideais para colorir, fazer esbo\u00e7os e projectos criativos. O pigmento suave e rico desliza sem esfor\u00e7o no papel, criando uma cobertura bonita e uniforme. Quer esteja a trabalhar num projeto escolar, a rabiscar ou a criar trabalhos art\u00edsticos detalhados, estes l\u00e1pis pastel d\u00e3o um toque suave e harmonioso \u00e0s suas cria\u00e7\u00f5es. \u00d3ptimos para artistas de todas as idades, estes l\u00e1pis s\u00e3o perfeitos tanto para principiantes como para profissionais.<\/p>","protected":false},"featured_media":35343,"template":"","meta":[],"product_brand":[],"product_cat":[416,331,410,415],"product_tag":[],"class_list":{"0":"post-35342","1":"product","2":"type-product","3":"status-publish","4":"has-post-thumbnail","6":"product_cat-pencil","7":"product_cat-stationery-set","8":"product_cat-writing-instruments","9":"product_cat-pen","11":"first","12":"instock","13":"shipping-taxable","14":"product-type-simple"},"_links":{"self":[{"href":"http:\/\/shinyyoustationery.com\/pt\/wp-json\/wp\/v2\/product\/35342","targetHints":{"allow":["GET"]}}],"collection":[{"href":"http:\/\/shinyyoustationery.com\/pt\/wp-json\/wp\/v2\/product"}],"about":[{"href":"http:\/\/shinyyoustationery.com\/pt\/wp-json\/wp\/v2\/types\/product"}],"version-history":[{"count":0,"href":"http:\/\/shinyyoustationery.com\/pt\/wp-json\/wp\/v2\/product\/35342\/revisions"}],"wp:featuredmedia":[{"embeddable":true,"href":"http:\/\/shinyyoustationery.com\/pt\/wp-json\/wp\/v2\/media\/35343"}],"wp:attachment":[{"href":"http:\/\/shinyyoustationery.com\/pt\/wp-json\/wp\/v2\/media?parent=35342"}],"wp:term":[{"taxonomy":"product_brand","embeddable":true,"href":"http:\/\/shinyyoustationery.com\/pt\/wp-json\/wp\/v2\/product_brand?post=35342"},{"taxonomy":"product_cat","embeddable":true,"href":"http:\/\/shinyyoustationery.com\/pt\/wp-json\/wp\/v2\/product_cat?post=35342"},{"taxonomy":"product_tag","embeddable":true,"href":"http:\/\/shinyyoustationery.com\/pt\/wp-json\/wp\/v2\/product_tag?post=35342"}],"curies":[{"name":"wp","href":"https:\/\/api.w.org\/{rel}","templated":true}]}}