{"id":35345,"date":"2025-07-09T20:00:48","date_gmt":"2025-07-09T12:00:48","guid":{"rendered":"http:\/\/45.63.70.205\/?post_type=product&#038;p=35345"},"modified":"2025-07-09T20:03:42","modified_gmt":"2025-07-09T12:03:42","slug":"set-of-8-elegant-colored-pencils-earthy-tones-and-blues-for-school-office","status":"publish","type":"product","link":"http:\/\/shinyyoustationery.com\/pt\/set-of-8-elegant-colored-pencils-earthy-tones-and-blues-for-school-office\/","title":{"rendered":"Conjunto de 8 l\u00e1pis de cor elegantes - Tons de terra e azuis para a escola e o escrit\u00f3rio"},"content":{"rendered":"","protected":false},"excerpt":{"rendered":"<p>Este conjunto de 8 elegantes l\u00e1pis de cor apresenta uma bela mistura de tons de terra e azuis, incluindo castanho rico, rosa suave, azul vibrante e azul-marinho profundo. Perfeitos para a escola, para o escrit\u00f3rio ou para projectos criativos, estes l\u00e1pis permitem escrever e desenhar com suavidade. A madeira de alta qualidade garante durabilidade, enquanto as borrachas na parte superior facilitam as correc\u00e7\u00f5es.<\/p>","protected":false},"featured_media":35346,"template":"","meta":[],"product_brand":[],"product_cat":[416,415,331,410],"product_tag":[],"class_list":{"0":"post-35345","1":"product","2":"type-product","3":"status-publish","4":"has-post-thumbnail","6":"product_cat-pencil","7":"product_cat-pen","8":"product_cat-stationery-set","9":"product_cat-writing-instruments","11":"first","12":"instock","13":"shipping-taxable","14":"product-type-simple"},"_links":{"self":[{"href":"http:\/\/shinyyoustationery.com\/pt\/wp-json\/wp\/v2\/product\/35345","targetHints":{"allow":["GET"]}}],"collection":[{"href":"http:\/\/shinyyoustationery.com\/pt\/wp-json\/wp\/v2\/product"}],"about":[{"href":"http:\/\/shinyyoustationery.com\/pt\/wp-json\/wp\/v2\/types\/product"}],"version-history":[{"count":0,"href":"http:\/\/shinyyoustationery.com\/pt\/wp-json\/wp\/v2\/product\/35345\/revisions"}],"wp:featuredmedia":[{"embeddable":true,"href":"http:\/\/shinyyoustationery.com\/pt\/wp-json\/wp\/v2\/media\/35346"}],"wp:attachment":[{"href":"http:\/\/shinyyoustationery.com\/pt\/wp-json\/wp\/v2\/media?parent=35345"}],"wp:term":[{"taxonomy":"product_brand","embeddable":true,"href":"http:\/\/shinyyoustationery.com\/pt\/wp-json\/wp\/v2\/product_brand?post=35345"},{"taxonomy":"product_cat","embeddable":true,"href":"http:\/\/shinyyoustationery.com\/pt\/wp-json\/wp\/v2\/product_cat?post=35345"},{"taxonomy":"product_tag","embeddable":true,"href":"http:\/\/shinyyoustationery.com\/pt\/wp-json\/wp\/v2\/product_tag?post=35345"}],"curies":[{"name":"wp","href":"https:\/\/api.w.org\/{rel}","templated":true}]}}