{"id":35944,"date":"2025-07-29T00:34:42","date_gmt":"2025-07-29T08:34:42","guid":{"rendered":"http:\/\/45.63.70.205\/?post_type=product&#038;p=35944"},"modified":"2026-02-05T20:52:40","modified_gmt":"2026-02-05T12:52:40","slug":"wholesale-custom-reusable-water-coloring-painting-book-for-kids-with-doodle-pen","status":"publish","type":"product","link":"http:\/\/shinyyoustationery.com\/pt\/wholesale-custom-reusable-water-coloring-painting-book-for-kids-with-doodle-pen\/","title":{"rendered":"Livro de pintura para colorir com \u00e1gua reutiliz\u00e1vel por atacado e personalizado para crian\u00e7as com caneta de rabisco"},"content":{"rendered":"<p data-start=\"87\" data-end=\"337\">Unleash your child\u2019s creativity with our <strong data-start=\"128\" data-end=\"195\">Wholesale Custom Reusable Water Coloring Painting Book for Kids<\/strong>! This innovative workbook comes with a <strong data-start=\"235\" data-end=\"249\">doodle pen<\/strong> and reusable water pages, making it a fun, mess-free way for children to explore art.<\/p>\n<ul data-start=\"339\" data-end=\"973\">\n<li data-start=\"339\" data-end=\"484\">\n<p data-start=\"341\" data-end=\"484\"><strong data-start=\"341\" data-end=\"369\">Reusable &amp; Eco-Friendly:<\/strong> Simply use water with the included doodle pen \u2013 colors appear magically and fade when dry, ready to paint again.<\/p>\n<\/li>\n<li data-start=\"485\" data-end=\"630\">\n<p data-start=\"487\" data-end=\"630\"><strong data-start=\"487\" data-end=\"506\">All-in-One Fun:<\/strong> Carater\u00edsticas <strong data-start=\"516\" data-end=\"560\">fun illustrations and drawing activities<\/strong> designed for kids to practice creativity and hand-eye coordination.<\/p>\n<\/li>\n<li data-start=\"631\" data-end=\"730\">\n<p data-start=\"633\" data-end=\"730\"><strong data-start=\"633\" data-end=\"659\">Safe &amp; Child-Friendly:<\/strong> Made from <strong data-start=\"670\" data-end=\"702\">non-toxic, durable materials<\/strong> perfect for repeated use.<\/p>\n<\/li>\n<li data-start=\"731\" data-end=\"842\">\n<p data-start=\"733\" data-end=\"842\"><strong data-start=\"733\" data-end=\"758\">Portable &amp; Mess-Free:<\/strong> Great for home, travel, or classroom use without worrying about spills or stains.<\/p>\n<\/li>\n<li data-start=\"843\" data-end=\"973\">\n<p data-start=\"845\" data-end=\"973\"><strong data-start=\"845\" data-end=\"876\">Customizable for Wholesale:<\/strong> Ideal for <strong data-start=\"887\" data-end=\"932\">educational stores, schools, or retailers<\/strong> looking to offer branded art supplies.<\/p>\n<\/li>\n<\/ul>\n<p data-start=\"975\" data-end=\"1137\">Keep kids entertained while helping them <strong data-start=\"1016\" data-end=\"1074\">learn, practice drawing, and develop fine motor skills<\/strong> with a fun, reusable, and eco-conscious coloring experience!<\/p>","protected":false},"excerpt":{"rendered":"<ul>\n<li><strong>Conjunto completo de kit de desenho \/ colora\u00e7\u00e3o<\/strong> - Livro de colorir com Doddle Sketch Pen e imagens de cores vivas<\/li>\n<li><strong>Utiliz\u00e1vel sem fim<\/strong> - Livros de colorir de \u00e1gua REUTILIZ\u00c1VEIS para crian\u00e7as<\/li>\n<li><strong>Livro de pintura com imagens delineadas<\/strong> - Vem com 8 p\u00e1ginas - 4 p\u00e1ginas para colorir e 4 p\u00e1ginas de atividade<\/li>\n<li><strong>Aprender enquanto brinca<\/strong> - Cores vivas para que as crian\u00e7as possam desenhar enquanto conhecem uma s\u00e9rie de animais e cores bonitos, aprendendo enquanto brincam e se divertem, cultivando o interesse das crian\u00e7as pela aprendizagem e construindo uma ponte para explorarem o mundo<\/li>\n<li><strong>Desenvolvimento precoce para crian\u00e7as com mais de 2 anos<\/strong> - Livro perfeito para crian\u00e7as que est\u00e3o a come\u00e7ar a aprender a ler e a escrever.<\/li>\n<li><strong>Como funciona<\/strong> - Adicionar \u00e1gua \u00e0 caneta doddle, colorir a p\u00e1gina com a caneta m\u00e1gica, a \u00e1rea colorida desvanece-se gradualmente ap\u00f3s cerca de 5 a 10 minutos, \u00e0 medida que as \u00e1reas coloridas secam, e as p\u00e1ginas podem ser coloridas novamente.<\/li>\n<\/ul>","protected":false},"featured_media":35949,"template":"","meta":[],"product_brand":[],"product_cat":[728,702],"product_tag":[],"class_list":{"0":"post-35944","1":"product","2":"type-product","3":"status-publish","4":"has-post-thumbnail","6":"product_cat-colouring-book","7":"product_cat-arts-crafts-collection","9":"first","10":"instock","11":"shipping-taxable","12":"product-type-simple"},"_links":{"self":[{"href":"http:\/\/shinyyoustationery.com\/pt\/wp-json\/wp\/v2\/product\/35944","targetHints":{"allow":["GET"]}}],"collection":[{"href":"http:\/\/shinyyoustationery.com\/pt\/wp-json\/wp\/v2\/product"}],"about":[{"href":"http:\/\/shinyyoustationery.com\/pt\/wp-json\/wp\/v2\/types\/product"}],"version-history":[{"count":0,"href":"http:\/\/shinyyoustationery.com\/pt\/wp-json\/wp\/v2\/product\/35944\/revisions"}],"wp:featuredmedia":[{"embeddable":true,"href":"http:\/\/shinyyoustationery.com\/pt\/wp-json\/wp\/v2\/media\/35949"}],"wp:attachment":[{"href":"http:\/\/shinyyoustationery.com\/pt\/wp-json\/wp\/v2\/media?parent=35944"}],"wp:term":[{"taxonomy":"product_brand","embeddable":true,"href":"http:\/\/shinyyoustationery.com\/pt\/wp-json\/wp\/v2\/product_brand?post=35944"},{"taxonomy":"product_cat","embeddable":true,"href":"http:\/\/shinyyoustationery.com\/pt\/wp-json\/wp\/v2\/product_cat?post=35944"},{"taxonomy":"product_tag","embeddable":true,"href":"http:\/\/shinyyoustationery.com\/pt\/wp-json\/wp\/v2\/product_tag?post=35944"}],"curies":[{"name":"wp","href":"https:\/\/api.w.org\/{rel}","templated":true}]}}