{"id":35946,"date":"2025-07-29T00:24:52","date_gmt":"2025-07-29T08:24:52","guid":{"rendered":"http:\/\/45.63.70.205\/?post_type=product&#038;p=35946"},"modified":"2025-07-29T00:57:59","modified_gmt":"2025-07-29T08:57:59","slug":"wholesale-custom-reusable-magic-water-books-for-kids-with-doodle-pen-board","status":"publish","type":"product","link":"http:\/\/shinyyoustationery.com\/pt\/wholesale-custom-reusable-magic-water-books-for-kids-with-doodle-pen-board\/","title":{"rendered":"Livros de \u00e1gua m\u00e1gicos reutiliz\u00e1veis por atacado e personalizados para crian\u00e7as com quadro de canetas para rabiscos"},"content":{"rendered":"<p>Livros de colorir de \u00e1gua \u00fanicos? Estes novos livros para colorir com \u00e1gua reutiliz\u00e1veis para crian\u00e7as incluem v\u00e1rios desenhos animados e desenhos educativos. O tamanho perfeito para colocar na mala de m\u00e3o do seu filho e acompanh\u00e1-lo em todas as viagens<br \/>\nMaterial n\u00e3o t\u00f3xico? O revestimento do nosso livro m\u00e1gico \u00e9 feito de materiais reutiliz\u00e1veis seguros e amigos do ambiente, por isso as cria\u00e7\u00f5es das crian\u00e7as n\u00e3o est\u00e3o limitadas \u00e0 tinta e \u00e0 pintura, basta encher a caneta com \u00e1gua para come\u00e7ar horas de divers\u00e3o criativa. Como m\u00e3e, j\u00e1 n\u00e3o precisa de se preocupar com o facto de o seu filho deixar cair tinta em todo o lado enquanto desenha.<\/p>\n<ul>\n<li><strong>Design sem confus\u00e3o:<\/strong> Os l\u00e1pis de aguarela foram especialmente concebidos para n\u00e3o verterem ou derramarem, mantendo as m\u00e3os e os espa\u00e7os de trabalho dos mais pequenos limpos<\/li>\n<li><strong>Aprender enquanto se joga?<\/strong> Os livros de desenho aqu\u00e1tico t\u00eam padr\u00f5es claros e diversificados e cores vivas, para que as crian\u00e7as possam desenhar enquanto conhecem uma s\u00e9rie de animais e cores bonitos, aprendendo enquanto brincam e se divertem, cultivando o interesse das crian\u00e7as pela aprendizagem e construindo uma ponte para explorarem o mundo.<\/li>\n<li><strong>Presentes populares e criativos:<\/strong> Com embalagens suficientes, estilos aplic\u00e1veis a rapazes e raparigas, cores vibrantes, m\u00e9todo de utiliza\u00e7\u00e3o pr\u00e1tico e design \u00fanico reutiliz\u00e1vel e limpo, o livro de \u00e1gua \u00e9 perfeito para um presente<\/li>\n<li><strong>Prenda de anivers\u00e1rio criativa para crian\u00e7as:<\/strong> Este livro para colorir com \u00e1gua como prendas de anivers\u00e1rio para crian\u00e7as a granel pode ser utilizado n\u00e3o s\u00f3 como brinquedo, mas tamb\u00e9m para desenvolver as capacidades manipulativas, imaginativas e criativas das crian\u00e7as. O livro para colorir com \u00e1gua para crian\u00e7as pode ser combinado numa variedade de formas. As crian\u00e7as adoram esta prenda de anivers\u00e1rio e gostam de desenhar nestas folhas coloridas quando as recebem como prenda de anivers\u00e1rio para crian\u00e7as.<\/li>\n<\/ul>","protected":false},"excerpt":{"rendered":"<p>Unique Water Coloring Books? This newly designed Reusable water coloring books for kids includes multi cartoon and educational designs. The<\/p>","protected":false},"featured_media":35968,"template":"","meta":[],"product_brand":[],"product_cat":[728,702],"product_tag":[],"class_list":{"0":"post-35946","1":"product","2":"type-product","3":"status-publish","4":"has-post-thumbnail","6":"product_cat-colouring-book","7":"product_cat-arts-crafts-collection","9":"first","10":"instock","11":"shipping-taxable","12":"product-type-simple"},"_links":{"self":[{"href":"http:\/\/shinyyoustationery.com\/pt\/wp-json\/wp\/v2\/product\/35946","targetHints":{"allow":["GET"]}}],"collection":[{"href":"http:\/\/shinyyoustationery.com\/pt\/wp-json\/wp\/v2\/product"}],"about":[{"href":"http:\/\/shinyyoustationery.com\/pt\/wp-json\/wp\/v2\/types\/product"}],"version-history":[{"count":0,"href":"http:\/\/shinyyoustationery.com\/pt\/wp-json\/wp\/v2\/product\/35946\/revisions"}],"wp:featuredmedia":[{"embeddable":true,"href":"http:\/\/shinyyoustationery.com\/pt\/wp-json\/wp\/v2\/media\/35968"}],"wp:attachment":[{"href":"http:\/\/shinyyoustationery.com\/pt\/wp-json\/wp\/v2\/media?parent=35946"}],"wp:term":[{"taxonomy":"product_brand","embeddable":true,"href":"http:\/\/shinyyoustationery.com\/pt\/wp-json\/wp\/v2\/product_brand?post=35946"},{"taxonomy":"product_cat","embeddable":true,"href":"http:\/\/shinyyoustationery.com\/pt\/wp-json\/wp\/v2\/product_cat?post=35946"},{"taxonomy":"product_tag","embeddable":true,"href":"http:\/\/shinyyoustationery.com\/pt\/wp-json\/wp\/v2\/product_tag?post=35946"}],"curies":[{"name":"wp","href":"https:\/\/api.w.org\/{rel}","templated":true}]}}